{"id":1588,"date":"2022-09-19T00:44:12","date_gmt":"2022-09-18T22:44:12","guid":{"rendered":"http:\/\/www.stadtkapelle-ochsenhausen.de\/wp\/?page_id=1588"},"modified":"2026-04-05T13:57:36","modified_gmt":"2026-04-05T11:57:36","slug":"herzlich-willkommen","status":"publish","type":"page","link":"https:\/\/www.stadtkapelle-ochsenhausen.de\/wp\/","title":{"rendered":"Homepage"},"content":{"rendered":"\n<h1 class=\"wp-block-heading\">Herzlich willkommen bei der Stadtkapelle Ochsenhausen!<\/h1>\n\n\n\n<div class=\"wp-block-columns is-layout-flex wp-container-core-columns-is-layout-9d6595d7 wp-block-columns-is-layout-flex\">\n<div class=\"wp-block-column is-layout-flow wp-block-column-is-layout-flow\" style=\"flex-basis:66.66%\">\n<figure class=\"wp-block-image size-large is-style-default\"><a href=\"https:\/\/www.stadtkapelle-ochsenhausen.de\/wp\/wp-content\/uploads\/2025\/10\/Ochsenhausen-Musikkapelle-www.tobiaseppfotografie-80-Zuschnitt-Web-scaled.jpg\"><img loading=\"lazy\" decoding=\"async\" width=\"1024\" height=\"683\" src=\"https:\/\/www.stadtkapelle-ochsenhausen.de\/wp\/wp-content\/uploads\/2025\/10\/Ochsenhausen-Musikkapelle-www.tobiaseppfotografie-80-Zuschnitt-Web-1024x683.jpg\" alt=\"\" class=\"wp-image-2366\" srcset=\"https:\/\/www.stadtkapelle-ochsenhausen.de\/wp\/wp-content\/uploads\/2025\/10\/Ochsenhausen-Musikkapelle-www.tobiaseppfotografie-80-Zuschnitt-Web-1024x683.jpg 1024w, https:\/\/www.stadtkapelle-ochsenhausen.de\/wp\/wp-content\/uploads\/2025\/10\/Ochsenhausen-Musikkapelle-www.tobiaseppfotografie-80-Zuschnitt-Web-300x200.jpg 300w, https:\/\/www.stadtkapelle-ochsenhausen.de\/wp\/wp-content\/uploads\/2025\/10\/Ochsenhausen-Musikkapelle-www.tobiaseppfotografie-80-Zuschnitt-Web-768x512.jpg 768w, https:\/\/www.stadtkapelle-ochsenhausen.de\/wp\/wp-content\/uploads\/2025\/10\/Ochsenhausen-Musikkapelle-www.tobiaseppfotografie-80-Zuschnitt-Web-1536x1024.jpg 1536w, https:\/\/www.stadtkapelle-ochsenhausen.de\/wp\/wp-content\/uploads\/2025\/10\/Ochsenhausen-Musikkapelle-www.tobiaseppfotografie-80-Zuschnitt-Web-2048x1365.jpg 2048w\" sizes=\"auto, (max-width: 1024px) 100vw, 1024px\" \/><\/a><\/figure>\n<\/div>\n\n\n\n<div class=\"wp-block-column is-layout-flow wp-block-column-is-layout-flow\" style=\"flex-basis:33.33%\">\n<h2 class=\"wp-block-heading\">Aktuelles<\/h2>\n\n\n\n<div class=\"wp-block-group is-nowrap is-layout-flex wp-container-core-group-is-layout-ad2f72ca wp-block-group-is-layout-flex\"><ul class=\"wp-block-latest-posts__list has-dates wp-block-latest-posts\"><li><a class=\"wp-block-latest-posts__post-title\" href=\"https:\/\/www.stadtkapelle-ochsenhausen.de\/wp\/tierisches-vergnuegen-fuer-die-ganze-familie-stadtkapelle-ochsenhausen-laedt-zum-kinderkonzert-ein\/\">Tierisches Vergn\u00fcgen f\u00fcr die ganze Familie: Stadtkapelle Ochsenhausen l\u00e4dt zum Kinderkonzert ein<\/a><time datetime=\"2026-04-06T21:01:54+02:00\" class=\"wp-block-latest-posts__post-date\">6. April 2026<\/time><div class=\"wp-block-latest-posts__post-excerpt\">Ein musikalisches Spektakel der besonderen Art erwartet kleine und gro\u00dfe Musikfans am Sonntag, den 26. April 2026. Um 10:30 Uhr findet im katholischen Gemeindehaus in Ochsenhausen erneut das Kinderkonzert der Stadtkapelle statt \u2013 dieses Jahr\u2026\u00a0<a class=\"wp-block-latest-posts__read-more\" href=\"https:\/\/www.stadtkapelle-ochsenhausen.de\/wp\/tierisches-vergnuegen-fuer-die-ganze-familie-stadtkapelle-ochsenhausen-laedt-zum-kinderkonzert-ein\/\" rel=\"noopener noreferrer\"><span class=\"screen-reader-text\">Tierisches Vergn\u00fcgen f\u00fcr die ganze Familie: Stadtkapelle Ochsenhausen l\u00e4dt zum Kinderkonzert ein <\/span>weiterlesen<\/a><\/div><\/li>\n<\/ul><\/div>\n\n\n\n<p><\/p>\n\n\n\n<h2 class=\"wp-block-heading\">N\u00e4chste Termine<\/h2>\n\n\n\n<ul class=\"wp-block-list\">\n<li><strong>26. April 2026, 10:30 Uhr<\/strong><br>Kinderkonzert (Kath. Gemeindehaus Ochsenhausen)<\/li>\n\n\n\n<li><strong>02. Mai 2026, 17:00 Uhr<\/strong><br>Festumzug beim Maifest des MV Reinstetten<\/li>\n\n\n\n<li><strong>03. Mai 2026, 12:30 Uhr<br><\/strong>Prozession beim Georgsritt (Ochsenhausen)<\/li>\n<\/ul>\n<\/div>\n<\/div>\n","protected":false},"excerpt":{"rendered":"<p>Herzlich willkommen bei der Stadtkapelle Ochsenhausen! Aktuelles N\u00e4chste Termine<\/p>\n","protected":false},"author":1,"featured_media":0,"parent":0,"menu_order":0,"comment_status":"closed","ping_status":"closed","template":"","meta":{"footnotes":""},"class_list":["post-1588","page","type-page","status-publish","hentry","entry"],"_links":{"self":[{"href":"https:\/\/www.stadtkapelle-ochsenhausen.de\/wp\/wp-json\/wp\/v2\/pages\/1588","targetHints":{"allow":["GET"]}}],"collection":[{"href":"https:\/\/www.stadtkapelle-ochsenhausen.de\/wp\/wp-json\/wp\/v2\/pages"}],"about":[{"href":"https:\/\/www.stadtkapelle-ochsenhausen.de\/wp\/wp-json\/wp\/v2\/types\/page"}],"author":[{"embeddable":true,"href":"https:\/\/www.stadtkapelle-ochsenhausen.de\/wp\/wp-json\/wp\/v2\/users\/1"}],"replies":[{"embeddable":true,"href":"https:\/\/www.stadtkapelle-ochsenhausen.de\/wp\/wp-json\/wp\/v2\/comments?post=1588"}],"version-history":[{"count":89,"href":"https:\/\/www.stadtkapelle-ochsenhausen.de\/wp\/wp-json\/wp\/v2\/pages\/1588\/revisions"}],"predecessor-version":[{"id":2517,"href":"https:\/\/www.stadtkapelle-ochsenhausen.de\/wp\/wp-json\/wp\/v2\/pages\/1588\/revisions\/2517"}],"wp:attachment":[{"href":"https:\/\/www.stadtkapelle-ochsenhausen.de\/wp\/wp-json\/wp\/v2\/media?parent=1588"}],"curies":[{"name":"wp","href":"https:\/\/api.w.org\/{rel}","templated":true}]}}