{"id":2012,"date":"2025-03-26T13:23:49","date_gmt":"2025-03-26T12:23:49","guid":{"rendered":"https:\/\/www.stadtkapelle-ochsenhausen.de\/wp\/?page_id=2012"},"modified":"2026-04-05T13:57:08","modified_gmt":"2026-04-05T11:57:08","slug":"termine","status":"publish","type":"page","link":"https:\/\/www.stadtkapelle-ochsenhausen.de\/wp\/termine\/","title":{"rendered":"Termine"},"content":{"rendered":"\n<h1 class=\"wp-block-heading\">Termine 2026<\/h1>\n\n\n\n<figure class=\"wp-block-table is-style-stripes\"><table class=\"has-fixed-layout\"><tbody><tr><td><strong>5., 7., 12. und 14. Februar 2026<\/strong><\/td><td><strong>Combo als Hofkapelle bei den Prunksitzungen<br><\/strong>Narhalla &#8222;Kapf&#8220;, Ochsenhausen<\/td><\/tr><tr><td><strong>Donnerstag, 12. Februar 2026<\/strong><\/td><td><strong>Kinderumzug und Rathaussturm<br><\/strong>Ochsenhausen<\/td><\/tr><tr><td><strong>Freitag, 27. Februar 2026, 19:30 Uhr<\/strong><\/td><td><strong>Mitgliederversammlungen<\/strong><br>Ringhotel Mohren, Ochsenhausen<\/td><\/tr><tr><td><strong>Samstag, 21. M\u00e4rz 2026, 19:00 Uhr<\/strong><\/td><td><strong>Egerl\u00e4nderabend<\/strong><br>Festhalle &#8222;Kapf&#8220;, Ochsenhausen<\/td><\/tr><tr><td><strong>Sonntag, 29. M\u00e4rz 2026, 10:00 Uhr<\/strong><\/td><td><strong>Prozession am Palmsonntag<\/strong><br>Ochsenhausen<\/td><\/tr><tr><td><strong>Sonntag, 26. April 2026, 10:30 Uhr<\/strong><\/td><td><strong>Kinderkonzert<br><\/strong>Kath. Gemeindehaus Ochsenhausen<\/td><\/tr><tr><td><strong>Samstag, 02. Mai 2026, 17:00 Uhr<\/strong><\/td><td><strong>Festumzug<\/strong><br>Maifest des MV Reinstetten<\/td><\/tr><tr><td><strong>Sonntag, 03. Mai 2026, 12:30 Uhr<\/strong><\/td><td><strong>Prozession beim Georgsritt<br><\/strong>Ochsenhausen<\/td><\/tr><tr><td><strong>Freitag, 19. bis Sonntag, 21. Juni 2026<\/strong><\/td><td><strong>\u00d6chslefest<br><\/strong>Ochsenhausen<\/td><\/tr><tr><td><strong>Samstag, 25. Juli 2026<\/strong><br>(bei schlechtem Wetter: 26. Juli)<\/td><td><strong>Sommerabend-Hockete <\/strong>(Serenade)<br>Innenhof beim Fruchtkasten, Ochsenhausen<\/td><\/tr><tr><td><strong>Sonntag, 18. Oktober 2026<\/strong><\/td><td><strong>Metzelsuppe<\/strong><br>Festhalle &#8222;Kapf&#8220;, Ochsenhausen<\/td><\/tr><tr><td><strong>Samstag, 28. November 2026, 19:30 Uhr<\/strong><\/td><td><strong>Jahreskonzert<\/strong><br>Festhalle &#8222;Kapf&#8220;, Ochsenhausen<\/td><\/tr><\/tbody><\/table><\/figure>\n","protected":false},"excerpt":{"rendered":"<p>Termine 2026 5., 7., 12. und 14. Februar 2026 Combo als Hofkapelle bei den PrunksitzungenNarhalla &#8222;Kapf&#8220;, Ochsenhausen Donnerstag, 12. Februar 2026 Kinderumzug und RathaussturmOchsenhausen Freitag, 27. Februar 2026, 19:30 Uhr MitgliederversammlungenRinghotel Mohren, Ochsenhausen Samstag, 21. M\u00e4rz 2026, 19:00 Uhr Egerl\u00e4nderabendFesthalle &#8222;Kapf&#8220;, Ochsenhausen Sonntag, 29. M\u00e4rz 2026, 10:00 Uhr Prozession am PalmsonntagOchsenhausen Sonntag, 26. April 2026, [&hellip;]<\/p>\n","protected":false},"author":14,"featured_media":0,"parent":0,"menu_order":0,"comment_status":"closed","ping_status":"closed","template":"","meta":{"footnotes":""},"class_list":["post-2012","page","type-page","status-publish","hentry","entry"],"_links":{"self":[{"href":"https:\/\/www.stadtkapelle-ochsenhausen.de\/wp\/wp-json\/wp\/v2\/pages\/2012","targetHints":{"allow":["GET"]}}],"collection":[{"href":"https:\/\/www.stadtkapelle-ochsenhausen.de\/wp\/wp-json\/wp\/v2\/pages"}],"about":[{"href":"https:\/\/www.stadtkapelle-ochsenhausen.de\/wp\/wp-json\/wp\/v2\/types\/page"}],"author":[{"embeddable":true,"href":"https:\/\/www.stadtkapelle-ochsenhausen.de\/wp\/wp-json\/wp\/v2\/users\/14"}],"replies":[{"embeddable":true,"href":"https:\/\/www.stadtkapelle-ochsenhausen.de\/wp\/wp-json\/wp\/v2\/comments?post=2012"}],"version-history":[{"count":71,"href":"https:\/\/www.stadtkapelle-ochsenhausen.de\/wp\/wp-json\/wp\/v2\/pages\/2012\/revisions"}],"predecessor-version":[{"id":2516,"href":"https:\/\/www.stadtkapelle-ochsenhausen.de\/wp\/wp-json\/wp\/v2\/pages\/2012\/revisions\/2516"}],"wp:attachment":[{"href":"https:\/\/www.stadtkapelle-ochsenhausen.de\/wp\/wp-json\/wp\/v2\/media?parent=2012"}],"curies":[{"name":"wp","href":"https:\/\/api.w.org\/{rel}","templated":true}]}}