{"id":237,"date":"2016-09-04T20:37:28","date_gmt":"2016-09-04T18:37:28","guid":{"rendered":"http:\/\/www.stadtkapelle-ochsenhausen.de\/wp\/?page_id=237"},"modified":"2026-01-06T15:01:29","modified_gmt":"2026-01-06T14:01:29","slug":"der-verein","status":"publish","type":"page","link":"https:\/\/www.stadtkapelle-ochsenhausen.de\/wp\/der-verein\/","title":{"rendered":"\u00dcber den Verein"},"content":{"rendered":"\n<h1 class=\"wp-block-heading\">\u00dcber den Verein<\/h1>\n\n\n\n<div class=\"wp-block-columns is-layout-flex wp-container-core-columns-is-layout-9d6595d7 wp-block-columns-is-layout-flex\">\n<div class=\"wp-block-column is-layout-flow wp-block-column-is-layout-flow\" style=\"flex-basis:66.66%\">\n<p>Der Verein besteht aus dem Blasorchester und dem Jugendblasorchester, das in der Kooperation mit der Jugendmusikschule Ochsenhausen gef\u00fchrt wird. Die Ausbildung findet haupts\u00e4chlich an der Jugendmusikschule statt. Dort besteht auch ein Vororchester. Bei Bedarf spielen wir auch in Egerl\u00e4nder-Besetzung und an der Fasnet als Sambagruppe mit Cheerleaders.<\/p>\n\n\n\n<p>Den Vereinsvorsitz haben Ottmar L\u00e4ngle, Franziskus Erb und Andrea Sauter inne. Die <a href=\"https:\/\/www.stadtkapelle-ochsenhausen.de\/wp\/der-verein\/die-vorstandschaft\/\">Vorstandschaft<\/a> besteht aus insgesamt elf Mitgliedern.<\/p>\n\n\n\n<p>Als feste Institution im Ochsenhausener Vereinsleben treten beide Ensembles bei kulturellen Veranstaltungen wie z. B. dem \u00d6chslefest, den Serenaden- und Jahreskonzerten, dem Weihnachtmarkt und bei den Faschingsveranstaltungen der Karnevalgesellschaft-Narrenzunft Ochsenhausen auf.<\/p>\n\n\n\n<p>Wir als Musikanten der Stadtkapelle genie\u00dfen nicht nur das gemeinsame Musizieren, sondern dar\u00fcber hinaus die Kameradschaft zwischen Jung und Alt beim Zusammensitzen vor bzw. nach der Probe oder bei Vereinsveranstaltungen wie zum Beispiel dem j\u00e4hrlichen Sommerfest.<\/p>\n\n\n\n<p>Die Stadtkapelle Ochsenhausen gibt es seit mehr als 150 Jahren, mehr&nbsp;zur Historie kann in der&nbsp;<a href=\"https:\/\/www.stadtkapelle-ochsenhausen.de\/wp\/?page_id=416\">Chronik des Vereins<\/a>&nbsp;nach- oder auch vorgelesen werden.<\/p>\n\n\n\n<h2 class=\"wp-block-heading\">Stadtkapelle<\/h2>\n\n\n\n<p>Die Stadtkapelle ist ein Oberstufenorchester mit circa 60 Musikerinnen und Musiker.\u00a0Die Stadtkapelle ist unter der musikalischen Leitung von Oliver Doneck.<\/p>\n\n\n\n<h2 class=\"wp-block-heading\">Jugendkapelle<\/h2>\n\n\n\n<p>Die Jugendkapelle Erlenmoos-Reinstetten-Gutenzell-Ochsenhausen ist eine Gemeinschaftsjugendkapelle der vier Vereine. <a href=\"https:\/\/www.stadtkapelle-ochsenhausen.de\/wp\/?page_id=329\">Weiterlesen<\/a><\/p>\n\n\n\n<h2 class=\"wp-block-heading\">Egerl\u00e4nder Musikanten<\/h2>\n\n\n\n<p>Eine Formation der Stadtkapelle sind die Egerl\u00e4nder Musikanten, die durch zahlreiche Auftritte in ganz Oberschwaben bekannt sind. <a href=\"https:\/\/www.stadtkapelle-ochsenhausen.de\/wp\/?page_id=310\">Weiterlesen<\/a><\/p>\n\n\n\n<h2 class=\"wp-block-heading\">Sambagruppe<\/h2>\n\n\n\n<p>Mit knapp 50 Musikern und 12 Cheerleadern gibt\u2019s mit der Sambagruppe kr\u00e4ftig was auf die Ohren. <a href=\"https:\/\/www.stadtkapelle-ochsenhausen.de\/wp\/?page_id=524\">Weiterlesen<\/a><\/p>\n\n\n\n<h2 class=\"wp-block-heading\">Combo<\/h2>\n\n\n\n<p>Die Combo der Stadtkapelle ist eine kleine&nbsp;Besetzung f\u00fcr modernen Big Band Sound.&nbsp;<a href=\"https:\/\/www.stadtkapelle-ochsenhausen.de\/wp\/?page_id=522\">Weiterlesen<\/a><\/p>\n<\/div>\n\n\n\n<div class=\"wp-block-column is-layout-flow wp-block-column-is-layout-flow\" style=\"flex-basis:33.33%\">\n<figure class=\"wp-block-image size-large\"><a href=\"https:\/\/www.stadtkapelle-ochsenhausen.de\/wp\/wp-content\/uploads\/2019\/11\/Kopie-von-Ochsenhausen-Musikkapelle-www.tobiaseppfotografie-49.jpg\"><img loading=\"lazy\" decoding=\"async\" width=\"1024\" height=\"683\" src=\"https:\/\/www.stadtkapelle-ochsenhausen.de\/wp\/wp-content\/uploads\/2019\/11\/Kopie-von-Ochsenhausen-Musikkapelle-www.tobiaseppfotografie-49-1024x683.jpg\" alt=\"Die Stadtkapelle Ochsenhausen im Innenhof des Klosters Ochsenhausen\" class=\"wp-image-1310\" srcset=\"https:\/\/www.stadtkapelle-ochsenhausen.de\/wp\/wp-content\/uploads\/2019\/11\/Kopie-von-Ochsenhausen-Musikkapelle-www.tobiaseppfotografie-49-1024x683.jpg 1024w, https:\/\/www.stadtkapelle-ochsenhausen.de\/wp\/wp-content\/uploads\/2019\/11\/Kopie-von-Ochsenhausen-Musikkapelle-www.tobiaseppfotografie-49-300x200.jpg 300w, https:\/\/www.stadtkapelle-ochsenhausen.de\/wp\/wp-content\/uploads\/2019\/11\/Kopie-von-Ochsenhausen-Musikkapelle-www.tobiaseppfotografie-49-768x512.jpg 768w, https:\/\/www.stadtkapelle-ochsenhausen.de\/wp\/wp-content\/uploads\/2019\/11\/Kopie-von-Ochsenhausen-Musikkapelle-www.tobiaseppfotografie-49-100x67.jpg 100w, https:\/\/www.stadtkapelle-ochsenhausen.de\/wp\/wp-content\/uploads\/2019\/11\/Kopie-von-Ochsenhausen-Musikkapelle-www.tobiaseppfotografie-49-150x100.jpg 150w, https:\/\/www.stadtkapelle-ochsenhausen.de\/wp\/wp-content\/uploads\/2019\/11\/Kopie-von-Ochsenhausen-Musikkapelle-www.tobiaseppfotografie-49-200x133.jpg 200w, https:\/\/www.stadtkapelle-ochsenhausen.de\/wp\/wp-content\/uploads\/2019\/11\/Kopie-von-Ochsenhausen-Musikkapelle-www.tobiaseppfotografie-49-450x300.jpg 450w, https:\/\/www.stadtkapelle-ochsenhausen.de\/wp\/wp-content\/uploads\/2019\/11\/Kopie-von-Ochsenhausen-Musikkapelle-www.tobiaseppfotografie-49-600x400.jpg 600w, https:\/\/www.stadtkapelle-ochsenhausen.de\/wp\/wp-content\/uploads\/2019\/11\/Kopie-von-Ochsenhausen-Musikkapelle-www.tobiaseppfotografie-49-900x600.jpg 900w\" sizes=\"auto, (max-width: 1024px) 100vw, 1024px\" \/><\/a><figcaption class=\"wp-element-caption\">Die Stadtkapelle Ochsenhausen im Jahr 2019<\/figcaption><\/figure>\n<\/div>\n<\/div>\n","protected":false},"excerpt":{"rendered":"<p>\u00dcber den Verein Der Verein besteht aus dem Blasorchester und dem Jugendblasorchester, das in der Kooperation mit der Jugendmusikschule Ochsenhausen gef\u00fchrt wird. Die Ausbildung findet haupts\u00e4chlich an der Jugendmusikschule statt. Dort besteht auch ein Vororchester. Bei Bedarf spielen wir auch in Egerl\u00e4nder-Besetzung und an der Fasnet als Sambagruppe mit Cheerleaders. Den Vereinsvorsitz haben Ottmar L\u00e4ngle, [&hellip;]<\/p>\n","protected":false},"author":9,"featured_media":0,"parent":0,"menu_order":0,"comment_status":"closed","ping_status":"closed","template":"","meta":{"footnotes":""},"class_list":["post-237","page","type-page","status-publish","hentry","entry"],"_links":{"self":[{"href":"https:\/\/www.stadtkapelle-ochsenhausen.de\/wp\/wp-json\/wp\/v2\/pages\/237","targetHints":{"allow":["GET"]}}],"collection":[{"href":"https:\/\/www.stadtkapelle-ochsenhausen.de\/wp\/wp-json\/wp\/v2\/pages"}],"about":[{"href":"https:\/\/www.stadtkapelle-ochsenhausen.de\/wp\/wp-json\/wp\/v2\/types\/page"}],"author":[{"embeddable":true,"href":"https:\/\/www.stadtkapelle-ochsenhausen.de\/wp\/wp-json\/wp\/v2\/users\/9"}],"replies":[{"embeddable":true,"href":"https:\/\/www.stadtkapelle-ochsenhausen.de\/wp\/wp-json\/wp\/v2\/comments?post=237"}],"version-history":[{"count":39,"href":"https:\/\/www.stadtkapelle-ochsenhausen.de\/wp\/wp-json\/wp\/v2\/pages\/237\/revisions"}],"predecessor-version":[{"id":2424,"href":"https:\/\/www.stadtkapelle-ochsenhausen.de\/wp\/wp-json\/wp\/v2\/pages\/237\/revisions\/2424"}],"wp:attachment":[{"href":"https:\/\/www.stadtkapelle-ochsenhausen.de\/wp\/wp-json\/wp\/v2\/media?parent=237"}],"curies":[{"name":"wp","href":"https:\/\/api.w.org\/{rel}","templated":true}]}}